{"id":121,"date":"2022-10-15T19:22:00","date_gmt":"2022-10-15T17:22:00","guid":{"rendered":"http:\/\/deloxygene.fr\/?page_id=121"},"modified":"2023-01-21T15:11:46","modified_gmt":"2023-01-21T14:11:46","slug":"contactez-nous","status":"publish","type":"page","link":"https:\/\/deloxygene.fr\/index.php\/contactez-nous\/","title":{"rendered":"CONTACTEZ-NOUS !"},"content":{"rendered":"\n<p>Vous pouvez nous joindre au 06 56 73 84 50 ou nous envoyer un message en utilisant le formulaire ci-dessous.<\/p>\n\n\n<div class=\"wpforms-container wpforms-container-full\" id=\"wpforms-117\"><form id=\"wpforms-form-117\" class=\"wpforms-validate wpforms-form wpforms-ajax-form\" data-formid=\"117\" method=\"post\" enctype=\"multipart\/form-data\" action=\"\/index.php\/wp-json\/wp\/v2\/pages\/121\" data-token=\"bea27159a4a19556c438e4f5620ee8e6\"><noscript class=\"wpforms-error-noscript\">Veuillez activer JavaScript dans votre navigateur pour remplir ce formulaire.<\/noscript><div class=\"wpforms-field-container\"><div id=\"wpforms-117-field_3-container\" class=\"wpforms-field wpforms-field-select wpforms-field-select-style-classic\" data-field-id=\"3\"><label class=\"wpforms-field-label\" for=\"wpforms-117-field_3\">QUELLE CIVILIT\u00c9 PR\u00c9F\u00c9REZ-VOUS QUE L&#039;ON UTILISE ?<\/label><select id=\"wpforms-117-field_3\" class=\"wpforms-field-medium\" name=\"wpforms[fields][3]\"><option value=\"Madame\" >Madame<\/option><option value=\"Monsieur\" >Monsieur<\/option><option value=\"Je pr\u00e9f\u00e8re ne pas le dire\" >Je pr\u00e9f\u00e8re ne pas le dire<\/option><\/select><\/div><div id=\"wpforms-117-field_4-container\" class=\"wpforms-field wpforms-field-text\" data-field-id=\"4\"><label class=\"wpforms-field-label\" for=\"wpforms-117-field_4\">PRENOM <span class=\"wpforms-required-label\">*<\/span><\/label><input type=\"text\" id=\"wpforms-117-field_4\" class=\"wpforms-field-medium wpforms-field-required\" name=\"wpforms[fields][4]\" required><\/div><div id=\"wpforms-117-field_5-container\" class=\"wpforms-field wpforms-field-text\" data-field-id=\"5\"><label class=\"wpforms-field-label\" for=\"wpforms-117-field_5\">NOM <span class=\"wpforms-required-label\">*<\/span><\/label><input type=\"text\" id=\"wpforms-117-field_5\" class=\"wpforms-field-medium wpforms-field-required\" name=\"wpforms[fields][5]\" required><\/div><div id=\"wpforms-117-field_6-container\" class=\"wpforms-field wpforms-field-text\" data-field-id=\"6\"><label class=\"wpforms-field-label\" for=\"wpforms-117-field_6\">EMAIL <span class=\"wpforms-required-label\">*<\/span><\/label><input type=\"text\" id=\"wpforms-117-field_6\" class=\"wpforms-field-medium wpforms-field-required\" name=\"wpforms[fields][6]\" required><\/div><div id=\"wpforms-117-field_7-container\" class=\"wpforms-field wpforms-field-text\" data-field-id=\"7\"><label class=\"wpforms-field-label\" for=\"wpforms-117-field_7\">TELEPHONE <span class=\"wpforms-required-label\">*<\/span><\/label><input type=\"text\" id=\"wpforms-117-field_7\" class=\"wpforms-field-medium wpforms-field-required\" name=\"wpforms[fields][7]\" required><\/div><div id=\"wpforms-117-field_8-container\" class=\"wpforms-field wpforms-field-text\" data-field-id=\"8\"><label class=\"wpforms-field-label\" for=\"wpforms-117-field_8\">ADRESSE<\/label><input type=\"text\" id=\"wpforms-117-field_8\" class=\"wpforms-field-medium\" name=\"wpforms[fields][8]\" ><\/div><div id=\"wpforms-117-field_9-container\" class=\"wpforms-field wpforms-field-text\" data-field-id=\"9\"><label class=\"wpforms-field-label\" for=\"wpforms-117-field_9\">CODE POSTAL<\/label><input type=\"text\" id=\"wpforms-117-field_9\" class=\"wpforms-field-medium\" name=\"wpforms[fields][9]\" ><\/div><div id=\"wpforms-117-field_10-container\" class=\"wpforms-field wpforms-field-text\" data-field-id=\"10\"><label class=\"wpforms-field-label\" for=\"wpforms-117-field_10\">VILLE<\/label><input type=\"text\" id=\"wpforms-117-field_10\" class=\"wpforms-field-medium\" name=\"wpforms[fields][10]\" ><\/div><div id=\"wpforms-117-field_11-container\" class=\"wpforms-field wpforms-field-select wpforms-field-select-style-classic\" data-field-id=\"11\"><label class=\"wpforms-field-label\" for=\"wpforms-117-field_11\">QUEL EST LE MOTIF DE VOTRE DEMANDE ? <span class=\"wpforms-required-label\">*<\/span><\/label><select id=\"wpforms-117-field_11\" class=\"wpforms-field-medium wpforms-field-required\" name=\"wpforms[fields][11]\" required=\"required\"><option value=\"Je veux \u00eatre candidat(e) sur la liste Oxyg\u00e8ne\" >Je veux \u00eatre candidat(e) sur la liste Oxyg\u00e8ne<\/option><option value=\"Demande de rendez-vous\" >Demande de rendez-vous<\/option><option value=\"Je souhaite soutenir l&#039;action d&#039;Oxyg\u00e8ne\" >Je souhaite soutenir l&#039;action d&#039;Oxyg\u00e8ne<\/option><option value=\"Je souhaite participer \u00e0 la pr\u00e9paration des conseils municipaux\" >Je souhaite participer \u00e0 la pr\u00e9paration des conseils municipaux<\/option><option value=\"Invitation \u00e0 une action ou \u00e0 r\u00e9union \" >Invitation \u00e0 une action ou \u00e0 r\u00e9union <\/option><option value=\"Alerter sur une situation\" >Alerter sur une situation<\/option><option value=\"Je souhaite \u00eatre tenu au courant des actions d&#039;Oxyg\u00e8ne\" >Je souhaite \u00eatre tenu au courant des actions d&#039;Oxyg\u00e8ne<\/option><option value=\"Demande de soutien pour un projet\" >Demande de soutien pour un projet<\/option><option value=\"Je souhaite participer \u00e0 la r\u00e9daction du journal\" >Je souhaite participer \u00e0 la r\u00e9daction du journal<\/option><option value=\"Autre (Merci de pr\u00e9ciser ci-dessous)\" >Autre (Merci de pr\u00e9ciser ci-dessous)<\/option><\/select><\/div><div id=\"wpforms-117-field_12-container\" class=\"wpforms-field wpforms-field-textarea\" data-field-id=\"12\"><label class=\"wpforms-field-label\" for=\"wpforms-117-field_12\">POUVEZ-VOUS NOUS EN DIRE UN PEU PLUS SUR VOTRE DEMANDE ?<\/label><textarea id=\"wpforms-117-field_12\" class=\"wpforms-field-medium\" name=\"wpforms[fields][12]\" ><\/textarea><\/div><div id=\"wpforms-117-field_13-container\" class=\"wpforms-field wpforms-field-checkbox\" data-field-id=\"13\"><label class=\"wpforms-field-label\" for=\"wpforms-117-field_13\">CONSENTEMENT RGPD <span class=\"wpforms-required-label\">*<\/span><\/label><ul id=\"wpforms-117-field_13\" class=\"wpforms-field-required\"><li class=\"choice-1 depth-1\"><input type=\"checkbox\" id=\"wpforms-117-field_13_1\" name=\"wpforms[fields][13][]\" value=\"En soumettant ce formulaire, j&#039;accepte que les informations saisies soient utilis\u00e9es, exploit\u00e9es, stock\u00e9es et trait\u00e9es pour permettre de me recontacter dans le cadre de ma demande de mise en relation.\" required ><label class=\"wpforms-field-label-inline\" for=\"wpforms-117-field_13_1\">En soumettant ce formulaire, j'accepte que les informations saisies soient utilis\u00e9es, exploit\u00e9es, stock\u00e9es et trait\u00e9es pour permettre de me recontacter dans le cadre de ma demande de mise en relation.<\/label><\/li><\/ul><\/div><div id=\"wpforms-117-field_14-container\" class=\"wpforms-field wpforms-field-checkbox\" data-field-id=\"14\"><label class=\"wpforms-field-label\" for=\"wpforms-117-field_14\">LETTRE D&#039;INFORMATION<\/label><ul id=\"wpforms-117-field_14\"><li class=\"choice-1 depth-1\"><input type=\"checkbox\" id=\"wpforms-117-field_14_1\" name=\"wpforms[fields][14][]\" value=\"En soumettant ce formulaire, j&#039;accepte que les informations saisies soient utilis\u00e9es, exploit\u00e9es, stock\u00e9es et trait\u00e9es pour permettre l&#039;envoi d&#039;une lettre d&#039;information par les propri\u00e9taire du site.\"  ><label class=\"wpforms-field-label-inline\" for=\"wpforms-117-field_14_1\">En soumettant ce formulaire, j'accepte que les informations saisies soient utilis\u00e9es, exploit\u00e9es, stock\u00e9es et trait\u00e9es pour permettre l'envoi d'une lettre d'information par les propri\u00e9taire du site.<\/label><\/li><\/ul><\/div><\/div><div class=\"wpforms-submit-container\"><input type=\"hidden\" name=\"wpforms[id]\" value=\"117\"><input type=\"hidden\" name=\"wpforms[author]\" value=\"1\"><button type=\"submit\" name=\"wpforms[submit]\" id=\"wpforms-submit-117\" class=\"wpforms-submit\" data-alt-text=\"Envoi...\" data-submit-text=\"Envoyer\" aria-live=\"assertive\" value=\"wpforms-submit\">Envoyer<\/button><img loading=\"lazy\" decoding=\"async\" src=\"https:\/\/deloxygene.fr\/wp-content\/plugins\/wpforms-lite\/assets\/images\/submit-spin.svg\" class=\"wpforms-submit-spinner\" style=\"display: none;\" width=\"26\" height=\"26\" alt=\"Chargement en cours\"><\/div><\/form><\/div>  <!-- .wpforms-container -->","protected":false},"excerpt":{"rendered":"<p>Vous pouvez nous joindre au 06 56 73 84 50 ou nous envoyer un message en utilisant le formulaire ci-dessous.<\/p>\n","protected":false},"author":1,"featured_media":0,"parent":0,"menu_order":0,"comment_status":"closed","ping_status":"closed","template":"","meta":{"footnotes":""},"class_list":["post-121","page","type-page","status-publish","hentry"],"_links":{"self":[{"href":"https:\/\/deloxygene.fr\/index.php\/wp-json\/wp\/v2\/pages\/121","targetHints":{"allow":["GET"]}}],"collection":[{"href":"https:\/\/deloxygene.fr\/index.php\/wp-json\/wp\/v2\/pages"}],"about":[{"href":"https:\/\/deloxygene.fr\/index.php\/wp-json\/wp\/v2\/types\/page"}],"author":[{"embeddable":true,"href":"https:\/\/deloxygene.fr\/index.php\/wp-json\/wp\/v2\/users\/1"}],"replies":[{"embeddable":true,"href":"https:\/\/deloxygene.fr\/index.php\/wp-json\/wp\/v2\/comments?post=121"}],"version-history":[{"count":0,"href":"https:\/\/deloxygene.fr\/index.php\/wp-json\/wp\/v2\/pages\/121\/revisions"}],"wp:attachment":[{"href":"https:\/\/deloxygene.fr\/index.php\/wp-json\/wp\/v2\/media?parent=121"}],"curies":[{"name":"wp","href":"https:\/\/api.w.org\/{rel}","templated":true}]}}