{"id":299,"date":"2025-05-24T17:58:22","date_gmt":"2025-05-24T15:58:22","guid":{"rendered":"https:\/\/deloxygene.fr\/index.php\/accueil\/"},"modified":"2025-07-27T16:52:44","modified_gmt":"2025-07-27T14:52:44","slug":"accueil","status":"publish","type":"page","link":"https:\/\/deloxygene.fr\/","title":{"rendered":"Accueil"},"content":{"rendered":"<h5>Pour un avenir meilleur<\/h5>\n<h1>Rejoignez-nous pour r\u00e9inventer l&rsquo;Isle-Adam avec Carine PELEGRIN<\/h1>\n<p>Notre campagne vise \u00e0 dynamiser la participation citoyenne et \u00e0 offrir une voix \u00e0 tous les habitants de L&rsquo;Isle-Adam. Ensemble, nous aborderons les enjeux locaux en insistant sur l&rsquo;importance de chaque vote. Votre engagement est essentiel pour construire un avenir o\u00f9 chacun a son mot \u00e0 dire.<\/p>\n<p>\t\t\t\t\t<a href=\"#\"><br \/>\n\t\t\t\t\t\t\t\t\tS&rsquo;engager<br \/>\n\t\t\t\t\t<\/a><\/p>\n<h2>D\u00e9couvrez notre engagement pour l&rsquo;Isle-Adam<\/h2>\n<p>Nous croyons en un avenir o\u00f9 chaque citoyen est acteur de son environnement. Notre mission est de rassembler les voix pour une Isle-Adam dynamique et durable. En participant \u00e0 cette campagne, vous soutenez des initiatives qui placent le bien-\u00eatre de notre communaut\u00e9 au c\u0153ur des d\u00e9cisions.<\/p>\n<ul>\n<li>\n\t\t\t\t\t\t\t<svg aria-hidden=\"true\" viewBox=\"0 0 512 512\" xmlns=\"http:\/\/www.w3.org\/2000\/svg\"><path d=\"M256 8C119 8 8 119 8 256s111 248 248 248 248-111 248-248S393 8 256 8z\"><\/path><\/svg><br \/>\n\t\t\t\t\t\t\t\t\t\tEngagement pour la transparence\n\t\t\t\t\t\t\t\t\t<\/li>\n<li>\n\t\t\t\t\t\t\t<svg aria-hidden=\"true\" viewBox=\"0 0 512 512\" xmlns=\"http:\/\/www.w3.org\/2000\/svg\"><path d=\"M256 8C119 8 8 119 8 256s111 248 248 248 248-111 248-248S393 8 256 8z\"><\/path><\/svg><br \/>\n\t\t\t\t\t\t\t\t\t\tParticipation active des citoyens\n\t\t\t\t\t\t\t\t\t<\/li>\n<li>\n\t\t\t\t\t\t\t<svg aria-hidden=\"true\" viewBox=\"0 0 512 512\" xmlns=\"http:\/\/www.w3.org\/2000\/svg\"><path d=\"M256 8C119 8 8 119 8 256s111 248 248 248 248-111 248-248S393 8 256 8z\"><\/path><\/svg><br \/>\n\t\t\t\t\t\t\t\t\t\tDes solutions durables pour tous\n\t\t\t\t\t\t\t\t\t<\/li>\n<\/ul>\n<h5>Participez \u00e0 nos \u00e9v\u00e9nements<\/h5>\n<h2>Nos \u00c9v\u00e9nements<\/h2>\n<h5>Rejoignez-nous pour vivre l&rsquo;engagement citoyen au c\u0153ur de notre communaut\u00e9.<\/h5>\n<p>\t\t\t\t\t<a href=\"#\"><br \/>\n\t\t\t\t\t\t\t\t\tVoir tous les \u00e9v\u00e9nements<br \/>\n\t\t\t\t\t<\/a><br \/>\n\t\t\t<svg aria-hidden=\"true\" viewBox=\"0 0 448 512\" xmlns=\"http:\/\/www.w3.org\/2000\/svg\"><path d=\"M148 288h-40c-6.6 0-12-5.4-12-12v-40c0-6.6 5.4-12 12-12h40c6.6 0 12 5.4 12 12v40c0 6.6-5.4 12-12 12zm108-12v-40c0-6.6-5.4-12-12-12h-40c-6.6 0-12 5.4-12 12v40c0 6.6 5.4 12 12 12h40c6.6 0 12-5.4 12-12zm96 0v-40c0-6.6-5.4-12-12-12h-40c-6.6 0-12 5.4-12 12v40c0 6.6 5.4 12 12 12h40c6.6 0 12-5.4 12-12zm-96 96v-40c0-6.6-5.4-12-12-12h-40c-6.6 0-12 5.4-12 12v40c0 6.6 5.4 12 12 12h40c6.6 0 12-5.4 12-12zm-96 0v-40c0-6.6-5.4-12-12-12h-40c-6.6 0-12 5.4-12 12v40c0 6.6 5.4 12 12 12h40c6.6 0 12-5.4 12-12zm192 0v-40c0-6.6-5.4-12-12-12h-40c-6.6 0-12 5.4-12 12v40c0 6.6 5.4 12 12 12h40c6.6 0 12-5.4 12-12zm96-260v352c0 26.5-21.5 48-48 48H48c-26.5 0-48-21.5-48-48V112c0-26.5 21.5-48 48-48h48V12c0-6.6 5.4-12 12-12h40c6.6 0 12 5.4 12 12v52h128V12c0-6.6 5.4-12 12-12h40c6.6 0 12 5.4 12 12v52h48c26.5 0 48 21.5 48 48zm-48 346V160H48v298c0 3.3 2.7 6 6 6h340c3.3 0 6-2.7 6-6z\"><\/path><\/svg>\t\t\t<\/p>\n<h2>Date et Heure<\/h2>\n<h2>Titre de l&rsquo;\u00c9v\u00e9nement<\/h2>\n<p>Participez \u00e0 nos \u00e9v\u00e9nements pour fa\u00e7onner l&rsquo;avenir de notre ville. Chaque moment compte pour construire une communaut\u00e9 plus forte. Rejoignez-nous dans nos discussions et activit\u00e9s pour \u00e9changer des id\u00e9es et proposer des solutions.<\/p>\n<p>\t\t\t\t\t<a href=\"#\"><br \/>\n\t\t\t\t\t\t\t\t\tVoir les d\u00e9tails ><br \/>\n\t\t\t\t\t<\/a><br \/>\n\t\t\t<svg aria-hidden=\"true\" viewBox=\"0 0 448 512\" xmlns=\"http:\/\/www.w3.org\/2000\/svg\"><path d=\"M148 288h-40c-6.6 0-12-5.4-12-12v-40c0-6.6 5.4-12 12-12h40c6.6 0 12 5.4 12 12v40c0 6.6-5.4 12-12 12zm108-12v-40c0-6.6-5.4-12-12-12h-40c-6.6 0-12 5.4-12 12v40c0 6.6 5.4 12 12 12h40c6.6 0 12-5.4 12-12zm96 0v-40c0-6.6-5.4-12-12-12h-40c-6.6 0-12 5.4-12 12v40c0 6.6 5.4 12 12 12h40c6.6 0 12-5.4 12-12zm-96 96v-40c0-6.6-5.4-12-12-12h-40c-6.6 0-12 5.4-12 12v40c0 6.6 5.4 12 12 12h40c6.6 0 12-5.4 12-12zm-96 0v-40c0-6.6-5.4-12-12-12h-40c-6.6 0-12 5.4-12 12v40c0 6.6 5.4 12 12 12h40c6.6 0 12-5.4 12-12zm192 0v-40c0-6.6-5.4-12-12-12h-40c-6.6 0-12 5.4-12 12v40c0 6.6 5.4 12 12 12h40c6.6 0 12-5.4 12-12zm96-260v352c0 26.5-21.5 48-48 48H48c-26.5 0-48-21.5-48-48V112c0-26.5 21.5-48 48-48h48V12c0-6.6 5.4-12 12-12h40c6.6 0 12 5.4 12 12v52h128V12c0-6.6 5.4-12 12-12h40c6.6 0 12 5.4 12 12v52h48c26.5 0 48 21.5 48 48zm-48 346V160H48v298c0 3.3 2.7 6 6 6h340c3.3 0 6-2.7 6-6z\"><\/path><\/svg>\t\t\t<\/p>\n<h2>Date et Heure<\/h2>\n<h2>Titre de l&rsquo;\u00c9v\u00e9nement<\/h2>\n<p>Venez vous informer et \u00e9changer lors de nos rencontres. Chaque \u00e9v\u00e9nement est con\u00e7u pour impliquer les citoyens et explorer des pistes d&rsquo;am\u00e9lioration pour L&rsquo;Isle-Adam. Ensemble, faisons entendre vos voix.<\/p>\n<p>\t\t\t\t\t<a href=\"#\"><br \/>\n\t\t\t\t\t\t\t\t\tVoir les d\u00e9tails ><br \/>\n\t\t\t\t\t<\/a><br \/>\n\t\t\t<svg aria-hidden=\"true\" viewBox=\"0 0 448 512\" xmlns=\"http:\/\/www.w3.org\/2000\/svg\"><path d=\"M148 288h-40c-6.6 0-12-5.4-12-12v-40c0-6.6 5.4-12 12-12h40c6.6 0 12 5.4 12 12v40c0 6.6-5.4 12-12 12zm108-12v-40c0-6.6-5.4-12-12-12h-40c-6.6 0-12 5.4-12 12v40c0 6.6 5.4 12 12 12h40c6.6 0 12-5.4 12-12zm96 0v-40c0-6.6-5.4-12-12-12h-40c-6.6 0-12 5.4-12 12v40c0 6.6 5.4 12 12 12h40c6.6 0 12-5.4 12-12zm-96 96v-40c0-6.6-5.4-12-12-12h-40c-6.6 0-12 5.4-12 12v40c0 6.6 5.4 12 12 12h40c6.6 0 12-5.4 12-12zm-96 0v-40c0-6.6-5.4-12-12-12h-40c-6.6 0-12 5.4-12 12v40c0 6.6 5.4 12 12 12h40c6.6 0 12-5.4 12-12zm192 0v-40c0-6.6-5.4-12-12-12h-40c-6.6 0-12 5.4-12 12v40c0 6.6 5.4 12 12 12h40c6.6 0 12-5.4 12-12zm96-260v352c0 26.5-21.5 48-48 48H48c-26.5 0-48-21.5-48-48V112c0-26.5 21.5-48 48-48h48V12c0-6.6 5.4-12 12-12h40c6.6 0 12 5.4 12 12v52h128V12c0-6.6 5.4-12 12-12h40c6.6 0 12 5.4 12 12v52h48c26.5 0 48 21.5 48 48zm-48 346V160H48v298c0 3.3 2.7 6 6 6h340c3.3 0 6-2.7 6-6z\"><\/path><\/svg>\t\t\t<\/p>\n<h2>Date et Heure<\/h2>\n<h2>Titre de l&rsquo;\u00c9v\u00e9nement<\/h2>\n<p>Rejoignez nos \u00e9v\u00e9nements, participez aux ateliers et engagez-vous activement. Ensemble, pour une Isle-Adam renouvel\u00e9e, chaque contribution fait la diff\u00e9rence.<\/p>\n<p>\t\t\t\t\t<a href=\"#\"><br \/>\n\t\t\t\t\t\t\t\t\tVoir les d\u00e9tails ><br \/>\n\t\t\t\t\t<\/a><\/p>\n<p>\n\t\t\t\t\t\t\tT\u00e9moignages\n\t\t\t\t\t<\/p>\n<p>\n\t\t\t\t\t\tCe que nos citoyens disent de notre campagne.\t\t\t\t\t<\/p>\n<p>\t\t\t\t\t\t\t\u00ab Gr\u00e2ce \u00e0 cette campagne, j&rsquo;ai enfin pu m&rsquo;exprimer sur les enjeux qui comptent pour moi. C&rsquo;est inspirant de voir une \u00e9quipe aussi engag\u00e9e pour notre ville. \u00bb<br \/>\n\t\t\t\t\t\t\t\t\t\t\t\t\t\tPierre Martin | Citoyen engag\u00e9<br \/>\n\t\t\t\t\t\t\t\t\t\t\t\t\t\t\t\t\t\t\t\t\t\tHabitant<\/p>\n<h2>Inscrivez-vous \u00e0 notre Newsletter<\/h2>\n<p>Restez inform\u00e9 des derni\u00e8res nouvelles et initiatives de notre campagne. Votre voix compte, et nous voulons partager nos avanc\u00e9es avec vous. Inscrivez-vous d\u00e8s maintenant et rejoignez le mouvement pour une Isle-Adam dynamique.<\/p>\n<p>En vous inscrivant, vous confirmez que vous acceptez nos Conditions G\u00e9n\u00e9rales.<\/p>\n<p>\t\t\t\t\t\t\t\t\t\t\t\t\t\t\t<img decoding=\"async\" src=\"https:\/\/deloxygene.fr\/wp-content\/plugins\/elementor\/assets\/images\/placeholder.png\" title=\"\" alt=\"\" loading=\"lazy\" \/><br \/>\n\t\t\t\t\t\t\t\t\t\t\t\t\t\t\t<img decoding=\"async\" src=\"https:\/\/deloxygene.fr\/wp-content\/plugins\/elementor\/assets\/images\/placeholder.png\" title=\"\" alt=\"\" loading=\"lazy\" \/><br \/>\n\t\t\t\t\t\t\t\t\t\t\t\t\t\t\t<img decoding=\"async\" src=\"https:\/\/deloxygene.fr\/wp-content\/plugins\/elementor\/assets\/images\/placeholder.png\" title=\"\" alt=\"\" loading=\"lazy\" \/><br \/>\n\t\t\t\t\t\t\t\t\t\t\t\t\t\t\t<img decoding=\"async\" src=\"https:\/\/deloxygene.fr\/wp-content\/plugins\/elementor\/assets\/images\/placeholder.png\" title=\"\" alt=\"\" loading=\"lazy\" \/><\/p>\n","protected":false},"excerpt":{"rendered":"<p>Pour un avenir meilleur Rejoignez-nous pour r\u00e9inventer l&rsquo;Isle-Adam avec Carine PELEGRIN Notre campagne vise \u00e0 dynamiser la participation citoyenne et \u00e0 offrir une voix \u00e0 tous les habitants de L&rsquo;Isle-Adam. &#8230;<\/p>\n","protected":false},"author":6,"featured_media":0,"parent":0,"menu_order":0,"comment_status":"closed","ping_status":"closed","template":"template-frontpage.php","meta":{"footnotes":""},"class_list":["post-299","page","type-page","status-publish","hentry"],"_links":{"self":[{"href":"https:\/\/deloxygene.fr\/index.php\/wp-json\/wp\/v2\/pages\/299","targetHints":{"allow":["GET"]}}],"collection":[{"href":"https:\/\/deloxygene.fr\/index.php\/wp-json\/wp\/v2\/pages"}],"about":[{"href":"https:\/\/deloxygene.fr\/index.php\/wp-json\/wp\/v2\/types\/page"}],"author":[{"embeddable":true,"href":"https:\/\/deloxygene.fr\/index.php\/wp-json\/wp\/v2\/users\/6"}],"replies":[{"embeddable":true,"href":"https:\/\/deloxygene.fr\/index.php\/wp-json\/wp\/v2\/comments?post=299"}],"version-history":[{"count":1,"href":"https:\/\/deloxygene.fr\/index.php\/wp-json\/wp\/v2\/pages\/299\/revisions"}],"predecessor-version":[{"id":352,"href":"https:\/\/deloxygene.fr\/index.php\/wp-json\/wp\/v2\/pages\/299\/revisions\/352"}],"wp:attachment":[{"href":"https:\/\/deloxygene.fr\/index.php\/wp-json\/wp\/v2\/media?parent=299"}],"curies":[{"name":"wp","href":"https:\/\/api.w.org\/{rel}","templated":true}]}}