{"id":730,"date":"2026-03-11T10:25:23","date_gmt":"2026-03-11T09:25:23","guid":{"rendered":"https:\/\/deloxygene.fr\/?page_id=730"},"modified":"2026-03-11T10:55:46","modified_gmt":"2026-03-11T09:55:46","slug":"les-candidats","status":"publish","type":"page","link":"https:\/\/deloxygene.fr\/index.php\/les-candidats\/","title":{"rendered":"Les candidats"},"content":{"rendered":"\n<h2 class=\"wp-block-heading\">D\u00e9couvrez notre \u00e9quipe pleine d&rsquo;exp\u00e9riences ! Elle regroupe des personnes engag\u00e9es pour notre ville et qui repr\u00e9sentent pleinement la richesse de notre ville dans toutes ses r\u00e9ussites et sa diversit\u00e9 tout en pr\u00e9parant l&rsquo;avenir.<\/h2>\n\n\n\n<h2 class=\"wp-block-heading\">En votant pour notre liste, vous votez bien plus que pour un nom, vous votez pour un projet ! Notre projet r\u00e9pond \u00e0 vos besoins. Pourquoi ? Car il a \u00e9t\u00e9 r\u00e9dig\u00e9 en vous \u00e9coutant et il sera mis en \u0153uvre avec vous ! Il s&rsquo;adresse \u00e0 toutes et \u00e0 tous, en consid\u00e9rant tous les quartiers avec \u00e9quit\u00e9.  Il est fianc\u00e9, r\u00e9aliste et s\u00e9rieux.<\/h2>\n\n\n\n<h2 class=\"wp-block-heading\">Le 15 mars, un seul tour ! Si vous souhaitez que ce programme s&rsquo;applique, un seul vote possible : le bulletin orange de l&rsquo;oxyg\u00e8ne pour L&rsquo;Isle-Adam ! <\/h2>\n\n\n\n<figure class=\"wp-block-image size-full is-resized\"><img loading=\"lazy\" decoding=\"async\" width=\"575\" height=\"898\" src=\"https:\/\/deloxygene.fr\/wp-content\/uploads\/2026\/03\/Owygene1.jpg\" alt=\"\" class=\"wp-image-731\" style=\"aspect-ratio:0.6403104488137947;width:840px;height:auto\" srcset=\"https:\/\/deloxygene.fr\/wp-content\/uploads\/2026\/03\/Owygene1.jpg 575w, https:\/\/deloxygene.fr\/wp-content\/uploads\/2026\/03\/Owygene1-192x300.jpg 192w\" sizes=\"auto, (max-width: 575px) 100vw, 575px\" \/><\/figure>\n\n\n\n<figure class=\"wp-block-image size-full is-resized\"><img loading=\"lazy\" decoding=\"async\" width=\"575\" height=\"898\" src=\"https:\/\/deloxygene.fr\/wp-content\/uploads\/2026\/03\/Owygene2.jpg\" alt=\"\" class=\"wp-image-732\" style=\"aspect-ratio:0.6403089586009321;width:840px;height:auto\" srcset=\"https:\/\/deloxygene.fr\/wp-content\/uploads\/2026\/03\/Owygene2.jpg 575w, https:\/\/deloxygene.fr\/wp-content\/uploads\/2026\/03\/Owygene2-192x300.jpg 192w\" sizes=\"auto, (max-width: 575px) 100vw, 575px\" \/><\/figure>\n\n\n\n<figure class=\"wp-block-image size-full is-resized\"><img loading=\"lazy\" decoding=\"async\" width=\"575\" height=\"907\" src=\"https:\/\/deloxygene.fr\/wp-content\/uploads\/2026\/03\/Owygene3.jpg\" alt=\"\" class=\"wp-image-733\" style=\"aspect-ratio:0.633954262627692;width:840px;height:auto\" srcset=\"https:\/\/deloxygene.fr\/wp-content\/uploads\/2026\/03\/Owygene3.jpg 575w, https:\/\/deloxygene.fr\/wp-content\/uploads\/2026\/03\/Owygene3-190x300.jpg 190w\" sizes=\"auto, (max-width: 575px) 100vw, 575px\" \/><\/figure>\n","protected":false},"excerpt":{"rendered":"<p>D\u00e9couvrez notre \u00e9quipe pleine d&rsquo;exp\u00e9riences ! Elle regroupe des personnes engag\u00e9es pour notre ville et qui repr\u00e9sentent pleinement la richesse de notre ville dans toutes ses r\u00e9ussites et sa diversit\u00e9 &#8230;<\/p>\n","protected":false},"author":1,"featured_media":731,"parent":0,"menu_order":0,"comment_status":"closed","ping_status":"closed","template":"","meta":{"footnotes":""},"class_list":["post-730","page","type-page","status-publish","has-post-thumbnail","hentry"],"_links":{"self":[{"href":"https:\/\/deloxygene.fr\/index.php\/wp-json\/wp\/v2\/pages\/730","targetHints":{"allow":["GET"]}}],"collection":[{"href":"https:\/\/deloxygene.fr\/index.php\/wp-json\/wp\/v2\/pages"}],"about":[{"href":"https:\/\/deloxygene.fr\/index.php\/wp-json\/wp\/v2\/types\/page"}],"author":[{"embeddable":true,"href":"https:\/\/deloxygene.fr\/index.php\/wp-json\/wp\/v2\/users\/1"}],"replies":[{"embeddable":true,"href":"https:\/\/deloxygene.fr\/index.php\/wp-json\/wp\/v2\/comments?post=730"}],"version-history":[{"count":2,"href":"https:\/\/deloxygene.fr\/index.php\/wp-json\/wp\/v2\/pages\/730\/revisions"}],"predecessor-version":[{"id":738,"href":"https:\/\/deloxygene.fr\/index.php\/wp-json\/wp\/v2\/pages\/730\/revisions\/738"}],"wp:featuredmedia":[{"embeddable":true,"href":"https:\/\/deloxygene.fr\/index.php\/wp-json\/wp\/v2\/media\/731"}],"wp:attachment":[{"href":"https:\/\/deloxygene.fr\/index.php\/wp-json\/wp\/v2\/media?parent=730"}],"curies":[{"name":"wp","href":"https:\/\/api.w.org\/{rel}","templated":true}]}}