{"id":739,"date":"2026-03-11T11:43:30","date_gmt":"2026-03-11T10:43:30","guid":{"rendered":"https:\/\/deloxygene.fr\/?page_id=739"},"modified":"2026-03-11T11:51:26","modified_gmt":"2026-03-11T10:51:26","slug":"le-programme","status":"publish","type":"page","link":"https:\/\/deloxygene.fr\/index.php\/le-programme\/","title":{"rendered":"Le programme"},"content":{"rendered":"\n<h2 class=\"wp-block-heading\">Ch\u00e8res Adamoises, chers Adamois,<br>Notre programme est le fruit d\u2019un travail collectif : il s\u2019appuie sur vos id\u00e9es, vos attentes et vos propositions recueillies lors de rencontres et d\u2019\u00e9changes dans chaque quartier.<br>C\u2019est un programme port\u00e9 par une \u00e9quipe \u00e0 l\u2019image de notre ville : des femmes et des hommes engag\u00e9s, de toutes g\u00e9n\u00e9rations et de toutes sensibilit\u00e9s, anim\u00e9s par un profond attachement \u00e0 L\u2019lsle-Adam.<br>Ce programme c\u2019est donc le v\u00f4tre, celui qui r\u00e9pond \u00e0 vos attentes et \u00e0 vos besoins, tout en faisant de L\u2019lsle-Adam une ville cr\u00e9ative, vivante et inspirante.<\/h2>\n\n\n\n<p><\/p>\n\n\n\n<h2 class=\"wp-block-heading\">Pour t\u00e9l\u00e9charger le programme au format PDF il vous suffit de <a href=\"http:\/\/deloxygene.fr\/wp-content\/uploads\/2026\/03\/ProgrammeCarineWEB_Total_compresse.pdf\" data-type=\"link\" data-id=\"http:\/\/deloxygene.fr\/wp-content\/uploads\/2026\/03\/ProgrammeCarineWEB_Total_compresse.pdf\">cliquer ici<\/a>.<\/h2>\n\n\n\n<p><\/p>\n\n\n\n<p><\/p>\n\n\n\n<h2 class=\"wp-block-heading\">Tranquillit\u00e9 publique<\/h2>\n\n\n\n<figure class=\"wp-block-image size-full is-resized\"><img loading=\"lazy\" decoding=\"async\" width=\"611\" height=\"906\" src=\"https:\/\/deloxygene.fr\/wp-content\/uploads\/2026\/03\/tranquilite_publique1.jpg\" alt=\"\" class=\"wp-image-740\" style=\"aspect-ratio:0.6743961713745886;width:840px;height:auto\" srcset=\"https:\/\/deloxygene.fr\/wp-content\/uploads\/2026\/03\/tranquilite_publique1.jpg 611w, https:\/\/deloxygene.fr\/wp-content\/uploads\/2026\/03\/tranquilite_publique1-202x300.jpg 202w\" sizes=\"auto, (max-width: 611px) 100vw, 611px\" \/><\/figure>\n\n\n\n<figure class=\"wp-block-image size-full is-resized\"><img loading=\"lazy\" decoding=\"async\" width=\"611\" height=\"906\" src=\"https:\/\/deloxygene.fr\/wp-content\/uploads\/2026\/03\/tranquilite_publique2.jpg\" alt=\"\" class=\"wp-image-741\" style=\"width:840px;height:auto\" srcset=\"https:\/\/deloxygene.fr\/wp-content\/uploads\/2026\/03\/tranquilite_publique2.jpg 611w, https:\/\/deloxygene.fr\/wp-content\/uploads\/2026\/03\/tranquilite_publique2-202x300.jpg 202w\" sizes=\"auto, (max-width: 611px) 100vw, 611px\" \/><\/figure>\n\n\n\n<h2 class=\"wp-block-heading\">Nos enfants, notre avenir<\/h2>\n\n\n\n<figure class=\"wp-block-image size-full is-resized\"><img loading=\"lazy\" decoding=\"async\" width=\"611\" height=\"768\" src=\"https:\/\/deloxygene.fr\/wp-content\/uploads\/2026\/03\/nos_enfants_notre_avenir.jpg\" alt=\"\" class=\"wp-image-742\" style=\"aspect-ratio:0.7955675706047605;width:840px;height:auto\" srcset=\"https:\/\/deloxygene.fr\/wp-content\/uploads\/2026\/03\/nos_enfants_notre_avenir.jpg 611w, https:\/\/deloxygene.fr\/wp-content\/uploads\/2026\/03\/nos_enfants_notre_avenir-239x300.jpg 239w\" sizes=\"auto, (max-width: 611px) 100vw, 611px\" \/><\/figure>\n\n\n\n<h2 class=\"wp-block-heading\">Vie associative<\/h2>\n\n\n\n<figure class=\"wp-block-image size-full is-resized\"><img loading=\"lazy\" decoding=\"async\" width=\"611\" height=\"904\" src=\"https:\/\/deloxygene.fr\/wp-content\/uploads\/2026\/03\/vie_associative.jpg\" alt=\"\" class=\"wp-image-743\" style=\"width:840px;height:auto\" srcset=\"https:\/\/deloxygene.fr\/wp-content\/uploads\/2026\/03\/vie_associative.jpg 611w, https:\/\/deloxygene.fr\/wp-content\/uploads\/2026\/03\/vie_associative-203x300.jpg 203w\" sizes=\"auto, (max-width: 611px) 100vw, 611px\" \/><\/figure>\n\n\n\n<h2 class=\"wp-block-heading\">Construire un avenir partag\u00e9<\/h2>\n\n\n\n<figure class=\"wp-block-image size-full is-resized\"><img loading=\"lazy\" decoding=\"async\" width=\"611\" height=\"916\" src=\"https:\/\/deloxygene.fr\/wp-content\/uploads\/2026\/03\/construire_un_avenir_partage1.jpg\" alt=\"\" class=\"wp-image-744\" style=\"width:840px;height:auto\" srcset=\"https:\/\/deloxygene.fr\/wp-content\/uploads\/2026\/03\/construire_un_avenir_partage1.jpg 611w, https:\/\/deloxygene.fr\/wp-content\/uploads\/2026\/03\/construire_un_avenir_partage1-200x300.jpg 200w\" sizes=\"auto, (max-width: 611px) 100vw, 611px\" \/><\/figure>\n\n\n\n<figure class=\"wp-block-image size-full is-resized\"><img loading=\"lazy\" decoding=\"async\" width=\"611\" height=\"916\" src=\"https:\/\/deloxygene.fr\/wp-content\/uploads\/2026\/03\/construire_un_avenir_partage2.jpg\" alt=\"\" class=\"wp-image-745\" style=\"width:840px;height:auto\" srcset=\"https:\/\/deloxygene.fr\/wp-content\/uploads\/2026\/03\/construire_un_avenir_partage2.jpg 611w, https:\/\/deloxygene.fr\/wp-content\/uploads\/2026\/03\/construire_un_avenir_partage2-200x300.jpg 200w\" sizes=\"auto, (max-width: 611px) 100vw, 611px\" \/><\/figure>\n\n\n\n<h2 class=\"wp-block-heading\">Culture et patrimoine<\/h2>\n\n\n\n<figure class=\"wp-block-image size-full is-resized\"><img loading=\"lazy\" decoding=\"async\" width=\"611\" height=\"916\" src=\"https:\/\/deloxygene.fr\/wp-content\/uploads\/2026\/03\/culture_et_patrimoine.jpg\" alt=\"\" class=\"wp-image-746\" style=\"width:840px;height:auto\" srcset=\"https:\/\/deloxygene.fr\/wp-content\/uploads\/2026\/03\/culture_et_patrimoine.jpg 611w, https:\/\/deloxygene.fr\/wp-content\/uploads\/2026\/03\/culture_et_patrimoine-200x300.jpg 200w\" sizes=\"auto, (max-width: 611px) 100vw, 611px\" \/><\/figure>\n\n\n\n<h2 class=\"wp-block-heading\">Une ville inclusive<\/h2>\n\n\n\n<figure class=\"wp-block-image size-full is-resized\"><img loading=\"lazy\" decoding=\"async\" width=\"611\" height=\"881\" src=\"https:\/\/deloxygene.fr\/wp-content\/uploads\/2026\/03\/une_ville_inclusive.jpg\" alt=\"\" class=\"wp-image-747\" style=\"width:840px;height:auto\" srcset=\"https:\/\/deloxygene.fr\/wp-content\/uploads\/2026\/03\/une_ville_inclusive.jpg 611w, https:\/\/deloxygene.fr\/wp-content\/uploads\/2026\/03\/une_ville_inclusive-208x300.jpg 208w\" sizes=\"auto, (max-width: 611px) 100vw, 611px\" \/><\/figure>\n\n\n\n<h2 class=\"wp-block-heading\">Services publics, finances<\/h2>\n\n\n\n<figure class=\"wp-block-image size-full is-resized\"><img loading=\"lazy\" decoding=\"async\" width=\"611\" height=\"908\" src=\"https:\/\/deloxygene.fr\/wp-content\/uploads\/2026\/03\/services_publics_finances.jpg\" alt=\"\" class=\"wp-image-748\" style=\"aspect-ratio:0.6729061890964492;width:840px;height:auto\" srcset=\"https:\/\/deloxygene.fr\/wp-content\/uploads\/2026\/03\/services_publics_finances.jpg 611w, https:\/\/deloxygene.fr\/wp-content\/uploads\/2026\/03\/services_publics_finances-202x300.jpg 202w\" sizes=\"auto, (max-width: 611px) 100vw, 611px\" \/><\/figure>\n\n\n\n<h2 class=\"wp-block-heading\">Commerces et entreprises<\/h2>\n\n\n\n<figure class=\"wp-block-image size-full is-resized\"><img loading=\"lazy\" decoding=\"async\" width=\"611\" height=\"888\" src=\"https:\/\/deloxygene.fr\/wp-content\/uploads\/2026\/03\/commerces_et_entreprises.jpg\" alt=\"\" class=\"wp-image-749\" style=\"width:840px;height:auto\" srcset=\"https:\/\/deloxygene.fr\/wp-content\/uploads\/2026\/03\/commerces_et_entreprises.jpg 611w, https:\/\/deloxygene.fr\/wp-content\/uploads\/2026\/03\/commerces_et_entreprises-206x300.jpg 206w\" sizes=\"auto, (max-width: 611px) 100vw, 611px\" \/><\/figure>\n\n\n\n<h2 class=\"wp-block-heading\">Vivre L&rsquo;Isle-Adam \u00e0 travers les \u00e2ges<\/h2>\n\n\n\n<figure class=\"wp-block-image size-full is-resized\"><img loading=\"lazy\" decoding=\"async\" width=\"611\" height=\"903\" src=\"https:\/\/deloxygene.fr\/wp-content\/uploads\/2026\/03\/vivre_lisleadam_a_atravers_les_ages.jpg\" alt=\"\" class=\"wp-image-750\" style=\"width:840px;height:auto\" srcset=\"https:\/\/deloxygene.fr\/wp-content\/uploads\/2026\/03\/vivre_lisleadam_a_atravers_les_ages.jpg 611w, https:\/\/deloxygene.fr\/wp-content\/uploads\/2026\/03\/vivre_lisleadam_a_atravers_les_ages-203x300.jpg 203w\" sizes=\"auto, (max-width: 611px) 100vw, 611px\" \/><\/figure>\n\n\n\n<h2 class=\"wp-block-heading\">Plus que pour un nom, le 15 mars votez pour un projet qui vous ressemble et qui nous rassemble !<\/h2>\n\n\n\n<figure class=\"wp-block-image size-full is-resized\"><img loading=\"lazy\" decoding=\"async\" width=\"612\" height=\"912\" src=\"https:\/\/deloxygene.fr\/wp-content\/uploads\/2026\/03\/conclusion.jpg\" alt=\"\" class=\"wp-image-751\" style=\"width:840px;height:auto\" srcset=\"https:\/\/deloxygene.fr\/wp-content\/uploads\/2026\/03\/conclusion.jpg 612w, https:\/\/deloxygene.fr\/wp-content\/uploads\/2026\/03\/conclusion-201x300.jpg 201w\" sizes=\"auto, (max-width: 612px) 100vw, 612px\" \/><\/figure>\n","protected":false},"excerpt":{"rendered":"<p>Ch\u00e8res Adamoises, chers Adamois,Notre programme est le fruit d\u2019un travail collectif : il s\u2019appuie sur vos id\u00e9es, vos attentes et vos propositions recueillies lors de rencontres et d\u2019\u00e9changes dans chaque &#8230;<\/p>\n","protected":false},"author":1,"featured_media":0,"parent":0,"menu_order":0,"comment_status":"closed","ping_status":"closed","template":"","meta":{"footnotes":""},"class_list":["post-739","page","type-page","status-publish","hentry"],"_links":{"self":[{"href":"https:\/\/deloxygene.fr\/index.php\/wp-json\/wp\/v2\/pages\/739","targetHints":{"allow":["GET"]}}],"collection":[{"href":"https:\/\/deloxygene.fr\/index.php\/wp-json\/wp\/v2\/pages"}],"about":[{"href":"https:\/\/deloxygene.fr\/index.php\/wp-json\/wp\/v2\/types\/page"}],"author":[{"embeddable":true,"href":"https:\/\/deloxygene.fr\/index.php\/wp-json\/wp\/v2\/users\/1"}],"replies":[{"embeddable":true,"href":"https:\/\/deloxygene.fr\/index.php\/wp-json\/wp\/v2\/comments?post=739"}],"version-history":[{"count":3,"href":"https:\/\/deloxygene.fr\/index.php\/wp-json\/wp\/v2\/pages\/739\/revisions"}],"predecessor-version":[{"id":757,"href":"https:\/\/deloxygene.fr\/index.php\/wp-json\/wp\/v2\/pages\/739\/revisions\/757"}],"wp:attachment":[{"href":"https:\/\/deloxygene.fr\/index.php\/wp-json\/wp\/v2\/media?parent=739"}],"curies":[{"name":"wp","href":"https:\/\/api.w.org\/{rel}","templated":true}]}}